{"id":11,"date":"2011-12-21T15:55:22","date_gmt":"2011-12-21T15:55:22","guid":{"rendered":"http:\/\/www.pitway.de\/?page_id=11"},"modified":"2011-12-22T09:58:10","modified_gmt":"2011-12-22T09:58:10","slug":"ueber-mich","status":"publish","type":"page","link":"https:\/\/www.pitway.de\/?page_id=11","title":{"rendered":"\u00dcber mich"},"content":{"rendered":"<div id=\"attachment_61\" style=\"width: 130px\" class=\"wp-caption alignright\"><img loading=\"lazy\" decoding=\"async\" aria-describedby=\"caption-attachment-61\" class=\"size-full wp-image-61  \" title=\"pitway-prototyp\" src=\"http:\/\/www.pitway.de\/wp-content\/uploads\/pitway-prototyp.jpg\" alt=\"\" width=\"120\" height=\"343\" \/><p id=\"caption-attachment-61\" class=\"wp-caption-text\">Der erste Prototyp<\/p><\/div>\n<p><strong>Der Anfang 1999<\/strong><br \/>\nMit dem Gedanken, f\u00fcr an die Wand zu h\u00e4ngen, wird es auf jeden Fall reichen, nahm ich meine Ibanez und begann alle Details, Ma\u00dfe und Angaben zu kopieren. Ich wusste, irgendwo lag auch noch ein alt abgelagerter Eschenspund, sammelte noch andere Holzarten zusammen und begann darauf los zu schreinern.<br \/>\n\u00dcber die Korpusform machte ich mir damals noch keine gro\u00dfen Gedanken und \u00fcbernahm diese von einer herk\u00f6mmlichen Gitarre. Als ich aber bei der Kopfplatte angelangt war, und sah, dass es bis jetzt &#8222;super&#8220; lief, verpasste ich dieser gleich ein eigenes Design.<br \/>\nUm die Kosten gering zu halten, man wei\u00df ja nicht, ob das Ding \u00fcberhaupt einen Ton von sich gibt, kramte ich s\u00e4mtliche Hardwareteile zusammen, zerlegte ausgediente Gitarren und best\u00fcckte mein &#8222;Teil&#8220; damit. UND SIE GING!!!<br \/>\nNach einem halben Jahr Test &#8222;live&#8220; auf der B\u00fchne baute ich sofort die Zweite. Mit meinen eigenen Erfahrungen auf der B\u00fchne, s\u00e4mtlichen Gitarrenbaub\u00fcchern und die Befragung einiger Gitarrenbauer, die mir best\u00e4tigten, dass ich auf dem richtigen Weg sei, hab ich beschlossen, mein Weg kann nur sein, Gitarren zu bauen, die anders sind als die anderen &#8211; einfach Unikate.<\/p>\n<p><strong>Der zweite, verbesserte Prototyp<\/strong><br \/>\nDurch meine Erfahrungen mit der ersten Gitarre auf der B\u00fchne, und durch wichtige Tipps von Gitarrenbauern, fertigte ich bald darauf die zweite Pitway Gitarre, die optimal funktionierte.<br \/>\nOptisch war sie fast baugleich mit der ersten. Diesmal mit Single Coils. Mit ihr spielte ich zwei Saisonen, bis die Lederhose kam.<\/p>\n<div id=\"attachment_62\" style=\"width: 130px\" class=\"wp-caption alignright\"><img loading=\"lazy\" decoding=\"async\" aria-describedby=\"caption-attachment-62\" class=\"size-full wp-image-62 \" title=\"butz-peter-pitway\" src=\"http:\/\/www.pitway.de\/wp-content\/uploads\/butz-peter-pitway.jpg\" alt=\"\" width=\"120\" height=\"154\" \/><p id=\"caption-attachment-62\" class=\"wp-caption-text\">Peter Butz<\/p><\/div>\n<p><strong><br \/>\n\u00dcber mich<\/strong><br \/>\nMein Name ist Peter Butz. Von Beruf bin ich gelernter Tischler. Ich bin verheiratet und habe zwei Kinder. Nebenbei bin ich leidenschaftlicher Musikant in der Band W\u00f6idaraw\u00f6ll und Textdichter. Weitere Hobbys sind Fu\u00dfball und Skifahren.<\/p>\n","protected":false},"excerpt":{"rendered":"<p>Der Anfang 1999 Mit dem Gedanken, f\u00fcr an die Wand zu h\u00e4ngen, wird es auf jeden Fall reichen, nahm ich meine Ibanez und begann alle Details, Ma\u00dfe und Angaben zu kopieren. Ich wusste, irgendwo lag auch noch ein alt abgelagerter Eschenspund, sammelte noch andere Holzarten zusammen und begann darauf los zu schreinern. \u00dcber die Korpusform [&hellip;]<\/p>\n","protected":false},"author":1,"featured_media":0,"parent":0,"menu_order":1,"comment_status":"closed","ping_status":"closed","template":"","meta":{"footnotes":""},"class_list":["post-11","page","type-page","status-publish","hentry"],"_links":{"self":[{"href":"https:\/\/www.pitway.de\/index.php?rest_route=\/wp\/v2\/pages\/11","targetHints":{"allow":["GET"]}}],"collection":[{"href":"https:\/\/www.pitway.de\/index.php?rest_route=\/wp\/v2\/pages"}],"about":[{"href":"https:\/\/www.pitway.de\/index.php?rest_route=\/wp\/v2\/types\/page"}],"author":[{"embeddable":true,"href":"https:\/\/www.pitway.de\/index.php?rest_route=\/wp\/v2\/users\/1"}],"replies":[{"embeddable":true,"href":"https:\/\/www.pitway.de\/index.php?rest_route=%2Fwp%2Fv2%2Fcomments&post=11"}],"version-history":[{"count":9,"href":"https:\/\/www.pitway.de\/index.php?rest_route=\/wp\/v2\/pages\/11\/revisions"}],"predecessor-version":[{"id":47,"href":"https:\/\/www.pitway.de\/index.php?rest_route=\/wp\/v2\/pages\/11\/revisions\/47"}],"wp:attachment":[{"href":"https:\/\/www.pitway.de\/index.php?rest_route=%2Fwp%2Fv2%2Fmedia&parent=11"}],"curies":[{"name":"wp","href":"https:\/\/api.w.org\/{rel}","templated":true}]}}