{"id":2,"date":"2011-12-21T10:19:19","date_gmt":"2011-12-21T10:19:19","guid":{"rendered":"http:\/\/www.pitway.de\/?page_id=2"},"modified":"2012-01-18T16:18:51","modified_gmt":"2012-01-18T16:18:51","slug":"beispiel-seite","status":"publish","type":"page","link":"https:\/\/www.pitway.de\/","title":{"rendered":"Startseite"},"content":{"rendered":"<div id=\"attachment_80\" style=\"width: 460px\" class=\"wp-caption aligncenter\"><img loading=\"lazy\" decoding=\"async\" aria-describedby=\"caption-attachment-80\" class=\"size-full wp-image-80\" title=\"pitway-gitarren\" src=\"http:\/\/www.pitway.de\/wp-content\/uploads\/pitway-gitarren.jpg\" alt=\"\" width=\"450\" height=\"549\" \/><p id=\"caption-attachment-80\" class=\"wp-caption-text\"> <\/p><\/div>\n<p>&nbsp;<\/p>\n<p>&nbsp;<\/p>\n<ul>\n<li type=\"_moz\">Die Pitway E-Gitarren und B\u00e4sse werden in kompletter Handarbeit gefertigt.<\/li>\n<li>Der Kunde kann seine Gitarre mit einer pers\u00f6nlichen &#8222;Note&#8220; versehen. Der Phantasie sind hierbei keine Grenzen gesetzt.<\/li>\n<li>Pitway E-Gitarren und B\u00e4sse werden vollmassiv oder als Halbresonanz-K\u00f6rper hergestellt, mit Klarlack lackiert oder auf Wunsch gewachst bzw. ge\u00f6lt.<\/li>\n<li>Jedes Modell ist ein Unikat und wird nur einmalig hergestellt.<\/li>\n<\/ul>\n","protected":false},"excerpt":{"rendered":"<p>&nbsp; &nbsp; Die Pitway E-Gitarren und B\u00e4sse werden in kompletter Handarbeit gefertigt. Der Kunde kann seine Gitarre mit einer pers\u00f6nlichen &#8222;Note&#8220; versehen. Der Phantasie sind hierbei keine Grenzen gesetzt. Pitway E-Gitarren und B\u00e4sse werden vollmassiv oder als Halbresonanz-K\u00f6rper hergestellt, mit Klarlack lackiert oder auf Wunsch gewachst bzw. ge\u00f6lt. Jedes Modell ist ein Unikat und wird [&hellip;]<\/p>\n","protected":false},"author":1,"featured_media":0,"parent":0,"menu_order":0,"comment_status":"closed","ping_status":"closed","template":"","meta":{"footnotes":""},"class_list":["post-2","page","type-page","status-publish","hentry"],"_links":{"self":[{"href":"https:\/\/www.pitway.de\/index.php?rest_route=\/wp\/v2\/pages\/2","targetHints":{"allow":["GET"]}}],"collection":[{"href":"https:\/\/www.pitway.de\/index.php?rest_route=\/wp\/v2\/pages"}],"about":[{"href":"https:\/\/www.pitway.de\/index.php?rest_route=\/wp\/v2\/types\/page"}],"author":[{"embeddable":true,"href":"https:\/\/www.pitway.de\/index.php?rest_route=\/wp\/v2\/users\/1"}],"replies":[{"embeddable":true,"href":"https:\/\/www.pitway.de\/index.php?rest_route=%2Fwp%2Fv2%2Fcomments&post=2"}],"version-history":[{"count":11,"href":"https:\/\/www.pitway.de\/index.php?rest_route=\/wp\/v2\/pages\/2\/revisions"}],"predecessor-version":[{"id":129,"href":"https:\/\/www.pitway.de\/index.php?rest_route=\/wp\/v2\/pages\/2\/revisions\/129"}],"wp:attachment":[{"href":"https:\/\/www.pitway.de\/index.php?rest_route=%2Fwp%2Fv2%2Fmedia&parent=2"}],"curies":[{"name":"wp","href":"https:\/\/api.w.org\/{rel}","templated":true}]}}