{"id":20,"date":"2011-12-21T16:06:53","date_gmt":"2011-12-21T16:06:53","guid":{"rendered":"http:\/\/www.pitway.de\/?page_id=20"},"modified":"2018-06-26T08:10:21","modified_gmt":"2018-06-26T08:10:21","slug":"gitarrenbau","status":"publish","type":"page","link":"https:\/\/www.pitway.de\/?page_id=20","title":{"rendered":"Gitarrenbau"},"content":{"rendered":"<p><strong>Das individuelle Gitarren-Design<\/strong><br \/>\nMein Sinn ist es, jedem Gitarristen oder Basspieler zu erkl\u00e4ren, da\u00df er sich mit einer Pitway Gitarre\/ Bass verewigen kann. Er kann sich seine Leidenschaften Hobbys, Fanzugeh\u00f6rigkeiten, berufliche Eigenschaften oder idealistische Motive in seiner Gitarre\/ Bass sinnbildlich darstellen lassen.<\/p>\n<p><strong>Sprich: Ein &#8222;Teil&#8220; besitzen, das kein zweiter hat!<\/strong><\/p>\n<div id=\"attachment_71\" style=\"width: 130px\" class=\"wp-caption alignright\"><img loading=\"lazy\" decoding=\"async\" aria-describedby=\"caption-attachment-71\" class=\"size-full wp-image-71\" title=\"gitarrenbau-pitway1\" src=\"http:\/\/www.pitway.de\/wp-content\/uploads\/gitarrenbau-pitway1.jpg\" alt=\"\" width=\"120\" height=\"120\" \/><p id=\"caption-attachment-71\" class=\"wp-caption-text\">Zeichnung<\/p><\/div>\n<p><strong>Die Entstehung<\/strong><br \/>\nNach Absprache \u00fcber das Motiv der Gitarre\/ Bass und die Kombination der einzelnen Holzarten liegt die Hauptarbeit darin, die Kundenw\u00fcnsche auf Papier und Schablonen zu erstellen.<br \/>\nNachdem das Motiv und die Schablonen nach Einsicht des Kunden optimiert sind, wird die Holz- und Furnierauswahl getroffen. Pitway Gitarren bestechen farblich durch die Naturfarbt\u00f6ne verschiedener, edler Holzarten. Durch individuell gestaltete Furnierarbeiten k\u00f6nnen Sie Ihrem &#8222;St\u00fcck&#8220; eine pers\u00f6nliche Note verleihen.<\/p>\n<p>Bevorzugt bekommen die Gitarren\/ B\u00e4sse von mir durchgehende H\u00e4lse. Nicht nur ein effektiveres Sustain entsteht, auch die durchgehenden Streifen verschiedener Holzarten erzeugen einen optischen Reiz.<\/p>\n<div id=\"attachment_72\" style=\"width: 130px\" class=\"wp-caption alignright\"><img loading=\"lazy\" decoding=\"async\" aria-describedby=\"caption-attachment-72\" class=\"size-full wp-image-72\" title=\"gitarrenbau-pitway2\" src=\"http:\/\/www.pitway.de\/wp-content\/uploads\/gitarrenbau-pitway2.jpg\" alt=\"\" width=\"120\" height=\"120\" \/><p id=\"caption-attachment-72\" class=\"wp-caption-text\">Korpus<\/p><\/div>\n<p>Auch der Korpus kann in 3 Schichten aufgebaut werden, wobei die Mittelschicht mit Kontrast-Furnieren belegt ist und somit ein Korpus mit bis zu 7 verschiedenen Holzschichten besteht.<\/p>\n<p>Halbresonanz\/ Semiakustik:<br \/>\nAuch f\u00fcr solche liebhaber ist alles machbar. Sound, verschiedene Schalloch-Variationen und nicht zuletzt das Gewicht sind besondere Merkmale.<br \/>\nIn einer solchen Ausf\u00fchrung kommt man schon mal unter 2 kg!<\/p>\n<p>F\u00fcr die Verarbeitung von Hals und Korpus werden \u00fcberwiegend die bekannten und bew\u00e4hrten Holzarten wie Ahorn, Nu\u00dfbaum und Esche verarbeitet. Auch werden von mir auch edle und exotische H\u00f6lzer wie Vogelaugenahorn, Tigerwood, Ovangkol, Padouk, Wenge, Black-Walnut, Bubinga, Kaukasischer Nu\u00dfbaum, Zebrano u.\u00e4. verarbeitet. Wichtige Kriterien sind Verzugsfreiheit, auch nach Trocknung, geradliniger Wuchs und Rissfreiheit.<br \/>\nNach der Fertigung des &#8222;Unikates&#8220; folgt eine weitere Besonderheit:<\/p>\n<div id=\"attachment_70\" style=\"width: 130px\" class=\"wp-caption alignright\"><img loading=\"lazy\" decoding=\"async\" aria-describedby=\"caption-attachment-70\" class=\"size-full wp-image-70\" title=\"gitarrenbau-pitway3\" src=\"http:\/\/www.pitway.de\/wp-content\/uploads\/gitarrenbau-pitway3.jpg\" alt=\"\" width=\"120\" height=\"120\" \/><p id=\"caption-attachment-70\" class=\"wp-caption-text\">Best\u00fcckung<\/p><\/div>\n<p>Man kann sein St\u00fcck hardwarem\u00e4\u00dfig individuell best\u00fccken lassen.<br \/>\nB\u00fcnde, Elektrofachdeckel, Oberer Sattel, Shielding Material, Kondensatoren, Kabel und diverse Kleinteile werden von mir gestellt.<br \/>\nNach der Lackierung und der Hardware-Montage werden dem Hals zwei bis drei Wochen gegeben sich zu formen. Erst dann wird der Hals und die Saitenlage optimal eingestellt.<\/p>\n<p><strong>Es ist wirklich machbar!!!<\/strong><\/p>\n<ul>\n<li>Design nach eigenen Vorstellungen<\/li>\n<li>Verschiedene Holzkombinationen<\/li>\n<li>Bevorzugte Hardware-Zusammenstellung<\/li>\n<li>Abgestimmtes &#8222;Handling&#8220; f\u00fcr Hals und Griffbrett<\/li>\n<li>Bevorzugte Mensurl\u00e4nge<\/li>\n<\/ul>\n","protected":false},"excerpt":{"rendered":"<p>Das individuelle Gitarren-Design Mein Sinn ist es, jedem Gitarristen oder Basspieler zu erkl\u00e4ren, da\u00df er sich mit einer Pitway Gitarre\/ Bass verewigen kann. Er kann sich seine Leidenschaften Hobbys, Fanzugeh\u00f6rigkeiten, berufliche Eigenschaften oder idealistische Motive in seiner Gitarre\/ Bass sinnbildlich darstellen lassen. Sprich: Ein &#8222;Teil&#8220; besitzen, das kein zweiter hat! Die Entstehung Nach Absprache \u00fcber [&hellip;]<\/p>\n","protected":false},"author":1,"featured_media":0,"parent":0,"menu_order":2,"comment_status":"closed","ping_status":"closed","template":"","meta":{"footnotes":""},"class_list":["post-20","page","type-page","status-publish","hentry"],"_links":{"self":[{"href":"https:\/\/www.pitway.de\/index.php?rest_route=\/wp\/v2\/pages\/20","targetHints":{"allow":["GET"]}}],"collection":[{"href":"https:\/\/www.pitway.de\/index.php?rest_route=\/wp\/v2\/pages"}],"about":[{"href":"https:\/\/www.pitway.de\/index.php?rest_route=\/wp\/v2\/types\/page"}],"author":[{"embeddable":true,"href":"https:\/\/www.pitway.de\/index.php?rest_route=\/wp\/v2\/users\/1"}],"replies":[{"embeddable":true,"href":"https:\/\/www.pitway.de\/index.php?rest_route=%2Fwp%2Fv2%2Fcomments&post=20"}],"version-history":[{"count":10,"href":"https:\/\/www.pitway.de\/index.php?rest_route=\/wp\/v2\/pages\/20\/revisions"}],"predecessor-version":[{"id":261,"href":"https:\/\/www.pitway.de\/index.php?rest_route=\/wp\/v2\/pages\/20\/revisions\/261"}],"wp:attachment":[{"href":"https:\/\/www.pitway.de\/index.php?rest_route=%2Fwp%2Fv2%2Fmedia&parent=20"}],"curies":[{"name":"wp","href":"https:\/\/api.w.org\/{rel}","templated":true}]}}