{"id":22,"date":"2011-12-21T16:07:26","date_gmt":"2011-12-21T16:07:26","guid":{"rendered":"http:\/\/www.pitway.de\/?page_id=22"},"modified":"2019-08-09T14:46:45","modified_gmt":"2019-08-09T14:46:45","slug":"aktuelles","status":"publish","type":"page","link":"https:\/\/www.pitway.de\/?page_id=22","title":{"rendered":"Aktuelles"},"content":{"rendered":"<p><strong>Pitway Gitarren brauchen eigentlich keine Farben!<\/strong><\/p>\n<p>Mit den Farbt\u00f6nen verschiedenster Holzarten l\u00e4sst sich alles darstellen. Auch mit Konturfr\u00e4sungen (Lederhose) kann mann individuelle Motive andeuten.<\/p>\n<div id=\"attachment_94\" style=\"width: 330px\" class=\"wp-caption aligncenter\"><a href=\"http:\/\/www.pitway.de\/wp-content\/uploads\/e-gitarre-beff.jpg\" target=\"_blank\"><img loading=\"lazy\" decoding=\"async\" aria-describedby=\"caption-attachment-94\" class=\"wp-image-94  \" title=\"e-gitarre-beff\" src=\"http:\/\/www.pitway.de\/wp-content\/uploads\/e-gitarre-beff.jpg\" alt=\"e-gitarre-beff\" width=\"320\" height=\"480\" srcset=\"https:\/\/www.pitway.de\/wp-content\/uploads\/e-gitarre-beff.jpg 533w, https:\/\/www.pitway.de\/wp-content\/uploads\/e-gitarre-beff-199x300.jpg 199w\" sizes=\"auto, (max-width: 320px) 100vw, 320px\" \/><\/a><p id=\"caption-attachment-94\" class=\"wp-caption-text\">Nach Kundenwunsch gefertigt. Mit Schaller Humbucker P90 und Namensgravur.<\/p><\/div>\n<div id=\"attachment_99\" style=\"width: 330px\" class=\"wp-caption aligncenter\"><a href=\"http:\/\/www.pitway.de\/wp-content\/uploads\/wenge-bass.jpg\" target=\"_blank\"><img loading=\"lazy\" decoding=\"async\" aria-describedby=\"caption-attachment-99\" class=\" wp-image-99\" title=\"wenge-bass\" src=\"http:\/\/www.pitway.de\/wp-content\/uploads\/wenge-bass.jpg\" alt=\"wenge-bass\" width=\"320\" height=\"480\" srcset=\"https:\/\/www.pitway.de\/wp-content\/uploads\/wenge-bass.jpg 533w, https:\/\/www.pitway.de\/wp-content\/uploads\/wenge-bass-199x300.jpg 199w\" sizes=\"auto, (max-width: 320px) 100vw, 320px\" \/><\/a><p id=\"caption-attachment-99\" class=\"wp-caption-text\">Viersaiter-Bass mit H-E-A-D-Stimmung. Durchgehender Hals und aktiv EMG Pickup mit 2-Band-EQ.<\/p><\/div>\n<div id=\"attachment_102\" style=\"width: 330px\" class=\"wp-caption aligncenter\"><a href=\"http:\/\/www.pitway.de\/wp-content\/uploads\/steffl-bass.jpg\" target=\"_blank\"><img loading=\"lazy\" decoding=\"async\" aria-describedby=\"caption-attachment-102\" class=\" wp-image-102\" title=\"steffl-bass\" src=\"http:\/\/www.pitway.de\/wp-content\/uploads\/steffl-bass.jpg\" alt=\"steffl-bass\" width=\"320\" height=\"480\" srcset=\"https:\/\/www.pitway.de\/wp-content\/uploads\/steffl-bass.jpg 533w, https:\/\/www.pitway.de\/wp-content\/uploads\/steffl-bass-199x300.jpg 199w\" sizes=\"auto, (max-width: 320px) 100vw, 320px\" \/><\/a><p id=\"caption-attachment-102\" class=\"wp-caption-text\">Headless-5-Saiter Bass mit Chrom-Seitenteilen. Der durchgehende Hals besteht aus 14 Schichten.<\/p><\/div>\n<div id=\"attachment_105\" style=\"width: 330px\" class=\"wp-caption aligncenter\"><a href=\"http:\/\/www.pitway.de\/wp-content\/uploads\/schore-gitarre.jpg\" target=\"_blank\"><img loading=\"lazy\" decoding=\"async\" aria-describedby=\"caption-attachment-105\" class=\" wp-image-105\" title=\"schore-gitarre\" src=\"http:\/\/www.pitway.de\/wp-content\/uploads\/schore-gitarre.jpg\" alt=\"schore-gitarre\" width=\"320\" height=\"480\" srcset=\"https:\/\/www.pitway.de\/wp-content\/uploads\/schore-gitarre.jpg 533w, https:\/\/www.pitway.de\/wp-content\/uploads\/schore-gitarre-199x300.jpg 199w\" sizes=\"auto, (max-width: 320px) 100vw, 320px\" \/><\/a><p id=\"caption-attachment-105\" class=\"wp-caption-text\">Diese Semiakustik-Gitarre wiegt nur 1950 Gramm.<\/p><\/div>\n<div id=\"attachment_103\" style=\"width: 330px\" class=\"wp-caption aligncenter\"><a href=\"http:\/\/www.pitway.de\/wp-content\/uploads\/adler-gitarre.jpg\" target=\"_blank\"><img loading=\"lazy\" decoding=\"async\" aria-describedby=\"caption-attachment-103\" class=\" wp-image-103\" title=\"adler-gitarre\" src=\"http:\/\/www.pitway.de\/wp-content\/uploads\/adler-gitarre.jpg\" alt=\"adler-gitarre\" width=\"320\" height=\"480\" srcset=\"https:\/\/www.pitway.de\/wp-content\/uploads\/adler-gitarre.jpg 533w, https:\/\/www.pitway.de\/wp-content\/uploads\/adler-gitarre-199x300.jpg 199w\" sizes=\"auto, (max-width: 320px) 100vw, 320px\" \/><\/a><p id=\"caption-attachment-103\" class=\"wp-caption-text\">Adler-Gitarre: Mein aktuelles \u201cB\u00fchnenger\u00e4t\u201d semiakustisch. Mit 150 Arbeitsstunden die bisher aufwendigste Gitarre<\/p><\/div>\n<div id=\"attachment_223\" style=\"width: 330px\" class=\"wp-caption aligncenter\"><a href=\"http:\/\/www.pitway.de\/wp-content\/uploads\/edelweiss-gitarre.jpg\" target=\"_blank\"><img loading=\"lazy\" decoding=\"async\" aria-describedby=\"caption-attachment-223\" class=\" wp-image-223\" title=\"edelweiss-gitarre\" src=\"http:\/\/www.pitway.de\/wp-content\/uploads\/edelweiss-gitarre.jpg\" alt=\"\" width=\"320\" height=\"480\" srcset=\"https:\/\/www.pitway.de\/wp-content\/uploads\/edelweiss-gitarre.jpg 533w, https:\/\/www.pitway.de\/wp-content\/uploads\/edelweiss-gitarre-199x300.jpg 199w\" sizes=\"auto, (max-width: 320px) 100vw, 320px\" \/><\/a><p id=\"caption-attachment-223\" class=\"wp-caption-text\">Edelwei\u00df-Gitarre: Eine dunkle Holzschicht dazwischen hebt optisch die Blattkonturen hervor.<\/p><\/div>\n<div id=\"attachment_224\" style=\"width: 330px\" class=\"wp-caption aligncenter\"><a href=\"http:\/\/www.pitway.de\/wp-content\/uploads\/fahne-gitarre.jpg\" target=\"_blank\"><img loading=\"lazy\" decoding=\"async\" aria-describedby=\"caption-attachment-224\" class=\" wp-image-224\" title=\"fahne-gitarre\" src=\"http:\/\/www.pitway.de\/wp-content\/uploads\/fahne-gitarre.jpg\" alt=\"\" width=\"320\" height=\"480\" srcset=\"https:\/\/www.pitway.de\/wp-content\/uploads\/fahne-gitarre.jpg 533w, https:\/\/www.pitway.de\/wp-content\/uploads\/fahne-gitarre-199x300.jpg 199w\" sizes=\"auto, (max-width: 320px) 100vw, 320px\" \/><\/a><p id=\"caption-attachment-224\" class=\"wp-caption-text\">Fahne: &quot;I bin a Bayer&quot;! Mit dieser Gitarre kann jeder Flagge zeigen.<\/p><\/div>\n<div id=\"attachment_225\" style=\"width: 330px\" class=\"wp-caption aligncenter\"><a href=\"http:\/\/www.pitway.de\/wp-content\/uploads\/hexe-gitarre.jpg\" target=\"_blank\"><img loading=\"lazy\" decoding=\"async\" aria-describedby=\"caption-attachment-225\" class=\" wp-image-225\" title=\"hexe-gitarre\" src=\"http:\/\/www.pitway.de\/wp-content\/uploads\/hexe-gitarre.jpg\" alt=\"\" width=\"320\" height=\"480\" srcset=\"https:\/\/www.pitway.de\/wp-content\/uploads\/hexe-gitarre.jpg 533w, https:\/\/www.pitway.de\/wp-content\/uploads\/hexe-gitarre-199x300.jpg 199w\" sizes=\"auto, (max-width: 320px) 100vw, 320px\" \/><\/a><p id=\"caption-attachment-225\" class=\"wp-caption-text\">Hexe: Das Rock-Ger\u00e4t der &quot;Isartaler Hexen&quot;. In dieser Gitarre wurden 15 verschiedene Holzarten eingearbeitet.<\/p><\/div>\n<div id=\"attachment_227\" style=\"width: 330px\" class=\"wp-caption aligncenter\"><a href=\"http:\/\/www.pitway.de\/wp-content\/uploads\/ski-gitarre.jpg\" target=\"_blank\"><img loading=\"lazy\" decoding=\"async\" aria-describedby=\"caption-attachment-227\" class=\" wp-image-227\" title=\"ski-gitarre\" src=\"http:\/\/www.pitway.de\/wp-content\/uploads\/ski-gitarre.jpg\" alt=\"\" width=\"320\" height=\"480\" srcset=\"https:\/\/www.pitway.de\/wp-content\/uploads\/ski-gitarre.jpg 533w, https:\/\/www.pitway.de\/wp-content\/uploads\/ski-gitarre-199x300.jpg 199w\" sizes=\"auto, (max-width: 320px) 100vw, 320px\" \/><\/a><p id=\"caption-attachment-227\" class=\"wp-caption-text\">Ski: Dieser Bass-Spieler ist ein Skifahrer durch und durch. Die Kopfplatte des 5-Saiter-Basses ist mit dem Matterhorn verziert. Durch die Verwendung von edlen Furnieren, sowie Zwischenschichten anderer Holzarten bekommen die Decke und die Rundungen eine reizvolle Note.<\/p><\/div>\n<div id=\"attachment_226\" style=\"width: 330px\" class=\"wp-caption aligncenter\"><a href=\"http:\/\/www.pitway.de\/wp-content\/uploads\/lederhosen-gitarre.jpg\" target=\"_blank\"><img loading=\"lazy\" decoding=\"async\" aria-describedby=\"caption-attachment-226\" class=\" wp-image-226\" title=\"lederhosen-gitarre\" src=\"http:\/\/www.pitway.de\/wp-content\/uploads\/lederhosen-gitarre.jpg\" alt=\"\" width=\"320\" height=\"480\" srcset=\"https:\/\/www.pitway.de\/wp-content\/uploads\/lederhosen-gitarre.jpg 533w, https:\/\/www.pitway.de\/wp-content\/uploads\/lederhosen-gitarre-199x300.jpg 199w\" sizes=\"auto, (max-width: 320px) 100vw, 320px\" \/><\/a><p id=\"caption-attachment-226\" class=\"wp-caption-text\">Lederhose: Jede Art von Trachtenmode kann &quot;geschneidert&quot; werden.<\/p><\/div>\n","protected":false},"excerpt":{"rendered":"<p>Pitway Gitarren brauchen eigentlich keine Farben! Mit den Farbt\u00f6nen verschiedenster Holzarten l\u00e4sst sich alles darstellen. Auch mit Konturfr\u00e4sungen (Lederhose) kann mann individuelle Motive andeuten.<\/p>\n","protected":false},"author":1,"featured_media":0,"parent":0,"menu_order":3,"comment_status":"closed","ping_status":"closed","template":"","meta":{"footnotes":""},"class_list":["post-22","page","type-page","status-publish","hentry"],"_links":{"self":[{"href":"https:\/\/www.pitway.de\/index.php?rest_route=\/wp\/v2\/pages\/22","targetHints":{"allow":["GET"]}}],"collection":[{"href":"https:\/\/www.pitway.de\/index.php?rest_route=\/wp\/v2\/pages"}],"about":[{"href":"https:\/\/www.pitway.de\/index.php?rest_route=\/wp\/v2\/types\/page"}],"author":[{"embeddable":true,"href":"https:\/\/www.pitway.de\/index.php?rest_route=\/wp\/v2\/users\/1"}],"replies":[{"embeddable":true,"href":"https:\/\/www.pitway.de\/index.php?rest_route=%2Fwp%2Fv2%2Fcomments&post=22"}],"version-history":[{"count":27,"href":"https:\/\/www.pitway.de\/index.php?rest_route=\/wp\/v2\/pages\/22\/revisions"}],"predecessor-version":[{"id":92,"href":"https:\/\/www.pitway.de\/index.php?rest_route=\/wp\/v2\/pages\/22\/revisions\/92"}],"wp:attachment":[{"href":"https:\/\/www.pitway.de\/index.php?rest_route=%2Fwp%2Fv2%2Fmedia&parent=22"}],"curies":[{"name":"wp","href":"https:\/\/api.w.org\/{rel}","templated":true}]}}