{"id":34,"date":"2011-12-21T16:10:11","date_gmt":"2011-12-21T16:10:11","guid":{"rendered":"http:\/\/www.pitway.de\/?page_id=34"},"modified":"2012-01-18T16:29:03","modified_gmt":"2012-01-18T16:29:03","slug":"impressum","status":"publish","type":"page","link":"https:\/\/www.pitway.de\/?page_id=34","title":{"rendered":"Impressum"},"content":{"rendered":"<p>PITWAY GITARREN<br \/>\nPeter Butz<br \/>\nH\u00fcttenleite 4<\/p>\n<p>92272 Freudenberg<\/p>\n<p>Telefon: +49 (0) 96 27\/ 14 33<\/p>\n<p>E-Mail: info@pitway.de<br \/>\nInternet: www.pitway.de<\/p>\n<p>Inhaltlich Verantwortlicher gem\u00e4\u00df \u00a7 10 Absatz 3 MDStV:<br \/>\nPeter Butz (Anschrift wie oben)<\/p>\n<p>Haftungshinweis:<br \/>\nTrotz sorgf\u00e4ltiger inhaltlicher Kontrolle \u00fcbernehmen wir keine Haftung f\u00fcr die Inhalte externer Links. F\u00fcr den Inhalt der verlinkten Seiten sind ausschlie\u00dflich deren Betreiber verantwortlich.<\/p>\n","protected":false},"excerpt":{"rendered":"<p>PITWAY GITARREN Peter Butz H\u00fcttenleite 4 92272 Freudenberg Telefon: +49 (0) 96 27\/ 14 33 E-Mail: info@pitway.de Internet: www.pitway.de Inhaltlich Verantwortlicher gem\u00e4\u00df \u00a7 10 Absatz 3 MDStV: Peter Butz (Anschrift wie oben) Haftungshinweis: Trotz sorgf\u00e4ltiger inhaltlicher Kontrolle \u00fcbernehmen wir keine Haftung f\u00fcr die Inhalte externer Links. F\u00fcr den Inhalt der verlinkten Seiten sind ausschlie\u00dflich deren [&hellip;]<\/p>\n","protected":false},"author":1,"featured_media":0,"parent":0,"menu_order":9,"comment_status":"closed","ping_status":"closed","template":"","meta":{"footnotes":""},"class_list":["post-34","page","type-page","status-publish","hentry"],"_links":{"self":[{"href":"https:\/\/www.pitway.de\/index.php?rest_route=\/wp\/v2\/pages\/34","targetHints":{"allow":["GET"]}}],"collection":[{"href":"https:\/\/www.pitway.de\/index.php?rest_route=\/wp\/v2\/pages"}],"about":[{"href":"https:\/\/www.pitway.de\/index.php?rest_route=\/wp\/v2\/types\/page"}],"author":[{"embeddable":true,"href":"https:\/\/www.pitway.de\/index.php?rest_route=\/wp\/v2\/users\/1"}],"replies":[{"embeddable":true,"href":"https:\/\/www.pitway.de\/index.php?rest_route=%2Fwp%2Fv2%2Fcomments&post=34"}],"version-history":[{"count":7,"href":"https:\/\/www.pitway.de\/index.php?rest_route=\/wp\/v2\/pages\/34\/revisions"}],"predecessor-version":[{"id":135,"href":"https:\/\/www.pitway.de\/index.php?rest_route=\/wp\/v2\/pages\/34\/revisions\/135"}],"wp:attachment":[{"href":"https:\/\/www.pitway.de\/index.php?rest_route=%2Fwp%2Fv2%2Fmedia&parent=34"}],"curies":[{"name":"wp","href":"https:\/\/api.w.org\/{rel}","templated":true}]}}